{"id":12,"date":"2014-11-17T09:42:36","date_gmt":"2014-11-17T07:42:36","guid":{"rendered":"http:\/\/kurierdienst-dietrich.de\/wordpress\/?page_id=12"},"modified":"2021-08-29T05:26:45","modified_gmt":"2021-08-29T03:26:45","slug":"autos","status":"publish","type":"page","link":"http:\/\/kurierdienst-dietrich.de\/?page_id=12","title":{"rendered":"Autos"},"content":{"rendered":"<p style=\"padding-left: 120px;\"><span style=\"font-family: verdana, geneva; font-size: 10pt; color: #000000;\"><strong><b>Das sind unsere Autos!<\/b><\/strong><\/span><\/p>\n<p><a href=\"http:\/\/kurierdienst-dietrich.de\/wp-content\/uploads\/2021\/08\/Sprinter4-Vorn.jpg\"><img loading=\"lazy\" class=\"aligncenter size-medium wp-image-240\" src=\"http:\/\/kurierdienst-dietrich.de\/wp-content\/uploads\/2021\/08\/Sprinter4-Vorn-290x220.jpg\" alt=\"SprinterVorn\" width=\"290\" height=\"220\" \/><\/a><\/p>\n<p><a href=\"http:\/\/kurierdienst-dietrich.de\/wp-content\/uploads\/2021\/08\/Sprinter4-Vorn-copy.jpg\"><img loading=\"lazy\" class=\"aligncenter size-medium wp-image-247\" src=\"http:\/\/kurierdienst-dietrich.de\/wp-content\/uploads\/2021\/08\/Sprinter4-Vorn-copy-290x220.jpg\" alt=\"\" width=\"290\" height=\"220\" \/><\/a><\/p>\n<p><a href=\"http:\/\/kurierdienst-dietrich.de\/wp-content\/uploads\/2021\/08\/Sprinter4-Innen-scaled.jpg\"><img loading=\"lazy\" class=\"aligncenter size-medium wp-image-241\" src=\"http:\/\/kurierdienst-dietrich.de\/wp-content\/uploads\/2021\/08\/Sprinter4-Innen-290x220.jpg\" alt=\"SprinterInnen\" width=\"290\" height=\"220\" \/><\/a><\/p>\n<p style=\"padding-left: 120px;\"><span style=\"color: #000000; font-size: 10pt; font-family: verdana, geneva;\">Zum Vergr\u00f6\u00dfern bitte auf das Bild klicken!<\/span><\/p>\n<p style=\"padding-left: 120px;\"><span style=\"color: #000000; font-family: verdana, geneva; font-size: 10pt;\"><strong>Dies ist unser Mercedes Benz Sprinter <\/strong><br \/>\nMit unserem Bus k\u00f6nnen wir Sendungen mit einem Gewicht von bis zu 1200 Kg bef\u00f6rdern.<\/span><\/p>\n<p style=\"padding-left: 120px;\"><span style=\"color: #000000; font-family: verdana, geneva; font-size: 10pt;\">Die Laderaumma\u00dfe betragen:<br \/>\nH\u00f6he: 175 cm Breite: 170 cm L\u00e4nge: 330 cm Der Laderaum bietet Platz f\u00fcr vier Europaletten.<\/span><\/p>\n<p style=\"padding-left: 120px;\"><span style=\"font-family: verdana, geneva; font-size: 10pt; color: #000000;\">Immer mit an Bord. Unsere Sicherheitsausr\u00fcstung: Sicherheitsschuhe, Schutzbrille, Helm \u00a0und Warnweste.<\/span><\/p>\n<p style=\"padding-left: 120px;\"><span style=\"color: #000000; font-family: verdana, geneva; font-size: 10pt;\"><a style=\"color: #000000;\" href=\"http:\/\/kurierdienst-dietrich.de\/wp-content\/uploads\/2014\/11\/Peugeot-Partner2-281012.jpg\" target=\"_blank\" rel=\"noopener\"><img loading=\"lazy\" class=\"alignnone size-medium wp-image-37\" src=\"http:\/\/kurierdienst-dietrich.de\/wp-content\/uploads\/2014\/11\/Peugeot-Partner2-281012-300x225.jpg\" alt=\"Peugeot-Partner2-281012\" width=\"300\" height=\"225\" srcset=\"http:\/\/kurierdienst-dietrich.de\/wp-content\/uploads\/2014\/11\/Peugeot-Partner2-281012-300x225.jpg 300w, http:\/\/kurierdienst-dietrich.de\/wp-content\/uploads\/2014\/11\/Peugeot-Partner2-281012-1024x768.jpg 1024w, http:\/\/kurierdienst-dietrich.de\/wp-content\/uploads\/2014\/11\/Peugeot-Partner2-281012-624x468.jpg 624w\" sizes=\"(max-width: 300px) 100vw, 300px\" \/><\/a><br \/>\nZum Vergr\u00f6\u00dfern bitte auf das Bild klicken!<\/span><\/p>\n<p style=\"padding-left: 120px;\"><span style=\"font-family: verdana, geneva; font-size: 10pt; color: #000000;\"><strong>Dies ist unser Peugeot\u00a0Partner Tepee<\/strong><br \/>\nMit unserem PKW k\u00f6nnen wir Sendungen mit einem Gewicht von bis zu 200 Kg bef\u00f6rdern.<\/span><\/p>\n","protected":false},"excerpt":{"rendered":"<p>Das sind unsere Autos! Zum Vergr\u00f6\u00dfern bitte auf das Bild klicken! Dies ist unser Mercedes Benz Sprinter Mit unserem Bus k\u00f6nnen wir Sendungen mit einem Gewicht von bis zu 1200 Kg bef\u00f6rdern. Die Laderaumma\u00dfe betragen: H\u00f6he: 175 cm Breite: 170 cm L\u00e4nge: 330 cm Der Laderaum bietet Platz f\u00fcr vier Europaletten. Immer mit an Bord.<\/p>\n<p><a class=\"button\" href=\"http:\/\/kurierdienst-dietrich.de\/?page_id=12\" title=\"More\">  Read More \u2192<\/a><\/p>\n","protected":false},"author":1,"featured_media":0,"parent":0,"menu_order":0,"comment_status":"open","ping_status":"open","template":"","meta":[],"_links":{"self":[{"href":"http:\/\/kurierdienst-dietrich.de\/index.php?rest_route=\/wp\/v2\/pages\/12"}],"collection":[{"href":"http:\/\/kurierdienst-dietrich.de\/index.php?rest_route=\/wp\/v2\/pages"}],"about":[{"href":"http:\/\/kurierdienst-dietrich.de\/index.php?rest_route=\/wp\/v2\/types\/page"}],"author":[{"embeddable":true,"href":"http:\/\/kurierdienst-dietrich.de\/index.php?rest_route=\/wp\/v2\/users\/1"}],"replies":[{"embeddable":true,"href":"http:\/\/kurierdienst-dietrich.de\/index.php?rest_route=%2Fwp%2Fv2%2Fcomments&post=12"}],"version-history":[{"count":17,"href":"http:\/\/kurierdienst-dietrich.de\/index.php?rest_route=\/wp\/v2\/pages\/12\/revisions"}],"predecessor-version":[{"id":249,"href":"http:\/\/kurierdienst-dietrich.de\/index.php?rest_route=\/wp\/v2\/pages\/12\/revisions\/249"}],"wp:attachment":[{"href":"http:\/\/kurierdienst-dietrich.de\/index.php?rest_route=%2Fwp%2Fv2%2Fmedia&parent=12"}],"curies":[{"name":"wp","href":"https:\/\/api.w.org\/{rel}","templated":true}]}}