{"id":14,"date":"2014-11-17T09:42:54","date_gmt":"2014-11-17T07:42:54","guid":{"rendered":"http:\/\/kurierdienst-dietrich.de\/wordpress\/?page_id=14"},"modified":"2022-09-15T16:45:55","modified_gmt":"2022-09-15T14:45:55","slug":"preise","status":"publish","type":"page","link":"http:\/\/kurierdienst-dietrich.de\/?page_id=14","title":{"rendered":"Preise"},"content":{"rendered":"<p style=\"padding-left: 150px;\"><span style=\"font-family: verdana, geneva; font-size: 10pt; color: #000000;\"><strong>Preise<\/strong><\/span><\/p>\n<p style=\"padding-left: 150px;\"><span style=\"font-family: verdana, geneva; font-size: 10pt; color: #000000;\">Hier k\u00f6nnen Sie sich nun \u00fcber unsere Preise informieren.<\/span><\/p>\n<p style=\"padding-left: 150px;\"><span style=\"font-family: verdana, geneva; font-size: 10pt; color: #000000;\">F\u00fcr die Bef\u00f6rderung von Sendungen im Stadtgebiet von Hannover haben wir eine extra Rubrik, die sie unter diesem Link finden:<\/span><br \/>\n<span style=\"font-family: verdana, geneva; font-size: 10pt; color: #0000ff;\"> <a style=\"color: #0000ff;\" title=\"Stadtfahrten Hannover\" href=\"http:\/\/kurierdienst-dietrich.de\/?page_id=16\" target=\"_blank\" rel=\"noopener\">Stadtfahrten in Hannover<\/a><\/span><\/p>\n<p style=\"padding-left: 150px;\"><span style=\"font-family: verdana, geneva; font-size: 10pt; color: #000000;\">Pro <a style=\"color: #000000;\" href=\"allgemeineinfos.html\" target=\"kdd\" rel=\"noopener\">Lastkilometer<\/a> berechnen wir 1,10 \u20ac f\u00fcr Fahrten mit dem PKW und f\u00fcr den Transporter 1,20 \u20ac.<\/span><br \/>\n<span style=\"font-family: verdana, geneva; font-size: 10pt; color: #000000;\"> F\u00fcr Lade- und Wartezeiten berechnen wir pro angefangene Viertelstunde 15,00 \u20ac . Auf Wunsch k\u00f6nnen wir die Gesamtkosten der Bef\u00f6rderung (au\u00dfer eventuell anfallender Lade- und Wartezeiten) bereits im voraus f\u00fcr Sie berechnen.<\/span><\/p>\n<p style=\"padding-left: 150px;\"><span style=\"font-family: verdana, geneva; font-size: 10pt; color: #000000;\">Alle genannten Preise zzgl. 19% MwSt. Wir erstellen Ihnen eine 14 t\u00e4gige Rechnung. Auf Wunsch k\u00f6nnen Sie auch f\u00fcr jeden ausgef\u00fchrten Transport eine seperate Rechnung erhalten.<\/span><\/p>\n<p style=\"padding-left: 150px;\"><span style=\"font-family: verdana, geneva; font-size: 10pt; color: #000000;\">F\u00fcr gr\u00f6\u00dfere Auftr\u00e4ge r\u00e4umen wir Ihnen einen Rabatt ein.<\/span><\/p>\n<h4 style=\"padding-left: 150px;\" align=\"center\"><span style=\"font-family: verdana, geneva; font-size: 10pt; color: #000000;\">Preisbeispiele!<\/span><\/h4>\n<p style=\"padding-left: 150px;\"><span style=\"font-family: verdana, geneva; font-size: 10pt; color: #000000;\">Fahrt von Hannover nach Berlin<\/span><br \/>\n<span style=\"font-family: verdana, geneva; font-size: 10pt; color: #000000;\"> Entfernung: 300 Km<\/span><br \/>\n<span style=\"font-family: verdana, geneva; font-size: 10pt; color: #000000;\"> Preis f\u00fcr Fahrt mit Bus: 300*1,20 \u20ac = 360 \u20ac netto<\/span><br \/>\n<span style=\"font-family: verdana, geneva; font-size: 10pt; color: #000000;\"> Preis f\u00fcr Fahrt mit PKW: 300*1,10 \u20ac = 330 \u20ac netto<\/span><\/p>\n<p style=\"padding-left: 150px;\"><span style=\"font-family: verdana, geneva; font-size: 10pt; color: #000000;\">Fahrt von Hannover nach Hamburg<\/span><br \/>\n<span style=\"font-family: verdana, geneva; font-size: 10pt; color: #000000;\"> Entfernung: 140 Km<\/span><br \/>\n<span style=\"font-family: verdana, geneva; font-size: 10pt; color: #000000;\"> Preis f\u00fcr Fahrt mit Bus: 140*1,20 \u20ac = 168 \u20ac netto<\/span><br \/>\n<span style=\"font-family: verdana, geneva; font-size: 10pt; color: #000000;\"> Preis f\u00fcr Fahrt mit PKW: 140*1,10 \u20ac = 154 \u20ac netto<\/span><\/p>\n<p style=\"padding-left: 150px;\">\n","protected":false},"excerpt":{"rendered":"<p>Preise Hier k\u00f6nnen Sie sich nun \u00fcber unsere Preise informieren. F\u00fcr die Bef\u00f6rderung von Sendungen im Stadtgebiet von Hannover haben wir eine extra Rubrik, die sie unter diesem Link finden: Stadtfahrten in Hannover Pro Lastkilometer berechnen wir 1,10 \u20ac f\u00fcr Fahrten mit dem PKW und f\u00fcr den Transporter 1,20 \u20ac. F\u00fcr Lade- und Wartezeiten berechnen<\/p>\n<p><a class=\"button\" href=\"http:\/\/kurierdienst-dietrich.de\/?page_id=14\" title=\"More\">  Read More \u2192<\/a><\/p>\n","protected":false},"author":1,"featured_media":0,"parent":0,"menu_order":0,"comment_status":"open","ping_status":"open","template":"","meta":[],"_links":{"self":[{"href":"http:\/\/kurierdienst-dietrich.de\/index.php?rest_route=\/wp\/v2\/pages\/14"}],"collection":[{"href":"http:\/\/kurierdienst-dietrich.de\/index.php?rest_route=\/wp\/v2\/pages"}],"about":[{"href":"http:\/\/kurierdienst-dietrich.de\/index.php?rest_route=\/wp\/v2\/types\/page"}],"author":[{"embeddable":true,"href":"http:\/\/kurierdienst-dietrich.de\/index.php?rest_route=\/wp\/v2\/users\/1"}],"replies":[{"embeddable":true,"href":"http:\/\/kurierdienst-dietrich.de\/index.php?rest_route=%2Fwp%2Fv2%2Fcomments&post=14"}],"version-history":[{"count":15,"href":"http:\/\/kurierdienst-dietrich.de\/index.php?rest_route=\/wp\/v2\/pages\/14\/revisions"}],"predecessor-version":[{"id":263,"href":"http:\/\/kurierdienst-dietrich.de\/index.php?rest_route=\/wp\/v2\/pages\/14\/revisions\/263"}],"wp:attachment":[{"href":"http:\/\/kurierdienst-dietrich.de\/index.php?rest_route=%2Fwp%2Fv2%2Fmedia&parent=14"}],"curies":[{"name":"wp","href":"https:\/\/api.w.org\/{rel}","templated":true}]}}