{"id":52,"date":"2014-11-18T03:02:18","date_gmt":"2014-11-18T01:02:18","guid":{"rendered":"http:\/\/kurierdienst-dietrich.de\/wordpress\/?page_id=52"},"modified":"2021-08-29T08:23:08","modified_gmt":"2021-08-29T06:23:08","slug":"willkommen","status":"publish","type":"page","link":"http:\/\/kurierdienst-dietrich.de\/","title":{"rendered":"Willkommen"},"content":{"rendered":"<p style=\"text-align: justify; padding-left: 120px;\"><a href=\"http:\/\/kurierdienst-dietrich.de\/wp-content\/uploads\/2021\/08\/Sprinter4-Vorn.jpg\"><img loading=\"lazy\" class=\"size-medium wp-image-240 alignnone\" src=\"http:\/\/kurierdienst-dietrich.de\/wp-content\/uploads\/2021\/08\/Sprinter4-Vorn-290x220.jpg\" alt=\"SprinterVorn\" width=\"290\" height=\"220\" \/><\/a><a href=\"http:\/\/kurierdienst-dietrich.de\/wp-content\/uploads\/2014\/11\/logoKDD.bmp\"><img loading=\"lazy\" class=\"size-full wp-image-41 alignright\" src=\"http:\/\/kurierdienst-dietrich.de\/wp-content\/uploads\/2014\/11\/logoKDD.bmp\" alt=\"\" width=\"200\" height=\"100\" \/><\/a><\/p>\n<p style=\"text-align: left; padding-left: 120px;\"><span style=\"color: #000000; font-family: verdana, geneva; font-size: 12pt;\"><strong>Herzlich Willkommen auf unserer Webseite<\/strong>.<\/span><\/p>\n<p style=\"text-align: left; padding-left: 120px;\"><span style=\"font-family: verdana, geneva; font-size: 10pt; color: #000000;\">Mit dieser Seite wollen wir es Ihnen erm\u00f6glichen sich online \u00fcber uns zu informieren. Bitte sehen Sie sich in Ruhe um.<\/span><\/p>\n<p style=\"text-align: left; padding-left: 120px;\"><span style=\"font-family: verdana, geneva; font-size: 10pt; color: #000000;\">Sollten Sie als Auftraggeber Dokumente wie die Transportversicherung, Gewerbeanmeldung o.\u00e4. ben\u00f6tigen, so k\u00f6nnen Sie diese Dokumente als \u201ePDF-Datei\u201c unter der Rubrik \u201eLinks\u201c herunterladen. Sie ben\u00f6tigen daf\u00fcr den kostenlosen \u201eAdobe Reader\u201c.<\/span><\/p>\n<p style=\"text-align: left; padding-left: 120px;\"><span style=\"font-family: verdana, geneva; font-size: 10pt; color: #000000;\">F\u00fcr weitere Fragen erreichen Sie uns unter:<\/span><br \/>\n<span style=\"font-family: verdana, geneva; font-size: 10pt; color: #000000;\"> Tel.: 05084\/911832<\/span><br \/>\n<span style=\"font-family: verdana, geneva; font-size: 10pt; color: #000000;\"> Fax.: 05084\/911383<\/span><br \/>\n<span style=\"font-family: verdana, geneva; font-size: 10pt; color: #000000;\"> oder mobil unter<\/span><br \/>\n<span style=\"font-family: verdana, geneva; font-size: 10pt; color: #000000;\"> 0177\/ 277 75 34<\/span><\/p>\n<p style=\"text-align: left; padding-left: 120px;\"><span style=\"font-family: verdana, geneva; font-size: 10pt; color: #000000;\">F\u00fcr schriftliche Fragen senden Sie eine E-Mail an die Adresse: Info(at)kurierdienst-dietrich.de\u00a0 <\/span><\/p>\n<p style=\"text-align: left; padding-left: 120px;\"><span style=\"font-family: verdana, geneva; font-size: 10pt; color: #000000;\">Das (at) muss nat\u00fcrlich ersetzt werden<\/span><\/p>\n<p style=\"text-align: left; padding-left: 120px;\"><span style=\"font-family: verdana, geneva; font-size: 10pt; color: #000000;\">Oder wenden Sie sich ganz einfach per Brief an:<\/span><\/p>\n<p style=\"text-align: left; padding-left: 120px;\"><span style=\"font-family: verdana, geneva; font-size: 10pt; color: #000000;\">Kurierdienst Dietrich<\/span><br \/>\n<span style=\"font-family: verdana, geneva; font-size: 10pt; color: #000000;\"> Artur u. Heike Dietrich<\/span><br \/>\n<span style=\"font-family: verdana, geneva; font-size: 10pt; color: #000000;\"> Sudermannstr. 5a<\/span><\/p>\n<p style=\"text-align: left; padding-left: 120px;\"><span style=\"font-family: verdana, geneva; font-size: 10pt; color: #000000;\">29313 Hamb\u00fchren<\/span><\/p>\n<p style=\"padding-left: 120px;\"><span style=\"font-family: verdana, geneva; font-size: 10pt; color: #000000;\">Wir freuen uns auf Ihre Anfrage.<\/span><\/p>\n<p style=\"text-align: left; padding-left: 120px;\"><span style=\"color: #000000;\"><strong><span style=\"font-family: verdana, geneva; font-size: 10pt;\">Ust.-ID-Nr. DE115188785 \u00a0 \u00a0Steuer-Nr. 17\/109\/09509 FA Celle<\/span><\/strong><\/span><\/p>\n<p style=\"text-align: left; padding-left: 120px;\"><span style=\"font-family: verdana, geneva; color: #000000; font-size: 10pt;\">Besuchen Sie uns auf Facebook Kurierdienst Dietrich<br \/>\n<\/span><\/p>\n<p style=\"text-align: left; padding-left: 120px;\"><span style=\"font-family: verdana, geneva; font-size: 10pt; color: #000000;\">\u00a0<\/span><\/p>\n<p style=\"text-align: left; padding-left: 120px;\"><span style=\"font-family: verdana, geneva; font-size: 10pt; color: #000000;\">Unternehmensprofil bei der IHK Wolfsburg-L\u00fcneburg<\/span><\/p>\n<p style=\"text-align: left; padding-left: 120px;\"><span style=\"font-family: verdana, geneva; font-size: 10pt; color: #000000;\"><a style=\"color: #000000;\" href=\"http:\/\/fitnord.ihk.de\/sites\/fitnd\/search\/showdetails.aspx?DetailID=true&amp;ID=QC7BB4ADEA2BDF292D67065A22BC138D1352433153D00\">IHK<\/a><\/span><\/p>\n<p style=\"text-align: left;\"><span style=\"color: #000000;\">\u00a0<\/span><\/p>\n<p style=\"text-align: justify;\">\n","protected":false},"excerpt":{"rendered":"<p>Herzlich Willkommen auf unserer Webseite. Mit dieser Seite wollen wir es Ihnen erm\u00f6glichen sich online \u00fcber uns zu informieren. Bitte sehen Sie sich in Ruhe um. Sollten Sie als Auftraggeber Dokumente wie die Transportversicherung, Gewerbeanmeldung o.\u00e4. ben\u00f6tigen, so k\u00f6nnen Sie diese Dokumente als \u201ePDF-Datei\u201c unter der Rubrik \u201eLinks\u201c herunterladen. Sie ben\u00f6tigen daf\u00fcr den kostenlosen \u201eAdobe<\/p>\n<p><a class=\"button\" href=\"http:\/\/kurierdienst-dietrich.de\/\" title=\"More\">  Read More \u2192<\/a><\/p>\n","protected":false},"author":1,"featured_media":0,"parent":0,"menu_order":0,"comment_status":"open","ping_status":"open","template":"","meta":[],"_links":{"self":[{"href":"http:\/\/kurierdienst-dietrich.de\/index.php?rest_route=\/wp\/v2\/pages\/52"}],"collection":[{"href":"http:\/\/kurierdienst-dietrich.de\/index.php?rest_route=\/wp\/v2\/pages"}],"about":[{"href":"http:\/\/kurierdienst-dietrich.de\/index.php?rest_route=\/wp\/v2\/types\/page"}],"author":[{"embeddable":true,"href":"http:\/\/kurierdienst-dietrich.de\/index.php?rest_route=\/wp\/v2\/users\/1"}],"replies":[{"embeddable":true,"href":"http:\/\/kurierdienst-dietrich.de\/index.php?rest_route=%2Fwp%2Fv2%2Fcomments&post=52"}],"version-history":[{"count":36,"href":"http:\/\/kurierdienst-dietrich.de\/index.php?rest_route=\/wp\/v2\/pages\/52\/revisions"}],"predecessor-version":[{"id":253,"href":"http:\/\/kurierdienst-dietrich.de\/index.php?rest_route=\/wp\/v2\/pages\/52\/revisions\/253"}],"wp:attachment":[{"href":"http:\/\/kurierdienst-dietrich.de\/index.php?rest_route=%2Fwp%2Fv2%2Fmedia&parent=52"}],"curies":[{"name":"wp","href":"https:\/\/api.w.org\/{rel}","templated":true}]}}